{"id":13,"date":"2025-04-20T21:03:48","date_gmt":"2025-04-20T19:03:48","guid":{"rendered":"https:\/\/dakr.flaw.uniba.sk\/portfolio\/"},"modified":"2026-01-07T22:23:09","modified_gmt":"2026-01-07T21:23:09","slug":"studium","status":"publish","type":"page","link":"https:\/\/dakr.flaw.uniba.sk\/sk\/studium\/","title":{"rendered":"\u0160t\u00fadium"},"content":{"rendered":"<div data-elementor-type=\"wp-page\" data-elementor-id=\"13\" class=\"elementor elementor-13\">\n\t\t\t\t<div class=\"elementor-element elementor-element-fa7f74a e-con-full e-flex e-con e-parent\" data-id=\"fa7f74a\" data-element_type=\"container\" data-e-type=\"container\">\n\t\t\t\t<\/div>\n\t\t<div class=\"elementor-element elementor-element-413bacc e-con-full e-flex e-con e-parent\" data-id=\"413bacc\" data-element_type=\"container\" data-e-type=\"container\" data-settings=\"{&quot;background_background&quot;:&quot;gradient&quot;}\">\n\t\t<div class=\"elementor-element elementor-element-4ce92f4 e-con-full e-flex e-con e-child\" data-id=\"4ce92f4\" data-element_type=\"container\" data-e-type=\"container\" data-settings=\"{&quot;background_background&quot;:&quot;classic&quot;}\">\n\t\t<div class=\"elementor-element elementor-element-61c720d e-flex e-con-boxed e-con e-child\" data-id=\"61c720d\" data-element_type=\"container\" data-e-type=\"container\" data-settings=\"{&quot;background_background&quot;:&quot;classic&quot;}\">\n\t\t\t\t\t<div class=\"e-con-inner\">\n\t\t<a class=\"elementor-element elementor-element-cfac77c e-con-full e-flex e-con e-child\" data-id=\"cfac77c\" data-element_type=\"container\" data-e-type=\"container\" data-settings=\"{&quot;background_background&quot;:&quot;classic&quot;}\" href=\"https:\/\/dakr.flaw.uniba.sk\/sk\/studijny-program-medzinarodne-vztahy-a-diplomacia\/\">\n\t\t\t\t<div class=\"elementor-element elementor-element-0fc0834 elementor-widget elementor-widget-text-editor\" data-id=\"0fc0834\" data-element_type=\"widget\" data-e-type=\"widget\" data-widget_type=\"text-editor.default\">\n\t\t\t\t<div class=\"elementor-widget-container\">\n\t\t\t\t\t\t\t\t\t<p><span style=\"font-style: inherit; font-weight: inherit;\">Vzdel\u00e1vac\u00ed program DAKR<\/span><\/p><p>&#8211;<\/p><p>Medzin\u00e1rodn\u00e9 pr\u00e1vo<\/p><p>a\u00a0<\/p><p>diplomacia<\/p>\t\t\t\t\t\t\t\t<\/div>\n\t\t\t\t<\/div>\n\t\t\t\t<\/a>\n\t\t<a class=\"elementor-element elementor-element-121045a e-con-full e-flex e-con e-child\" data-id=\"121045a\" data-element_type=\"container\" data-e-type=\"container\" data-settings=\"{&quot;background_background&quot;:&quot;classic&quot;}\" href=\"https:\/\/dakr.flaw.uniba.sk\/sk\/studium-br-osn\/\">\n\t\t\t\t<div class=\"elementor-element elementor-element-0c6fd02 elementor-widget elementor-widget-text-editor\" data-id=\"0c6fd02\" data-element_type=\"widget\" data-e-type=\"widget\" data-widget_type=\"text-editor.default\">\n\t\t\t\t<div class=\"elementor-widget-container\">\n\t\t\t\t\t\t\t\t\t<p><span style=\"font-style: inherit; font-weight: inherit;\">Vzdel\u00e1vac\u00ed program<\/span><\/p><p>BR OSN<\/p>\t\t\t\t\t\t\t\t<\/div>\n\t\t\t\t<\/div>\n\t\t\t\t<\/a>\n\t\t<a class=\"elementor-element elementor-element-b457c75 e-con-full e-flex e-con e-child\" data-id=\"b457c75\" data-element_type=\"container\" data-e-type=\"container\" data-settings=\"{&quot;background_background&quot;:&quot;classic&quot;}\" href=\"https:\/\/dakr.flaw.uniba.sk\/sk\/pripravny-kurz-na-testy-epso\/\">\n\t\t\t\t<div class=\"elementor-element elementor-element-4e31a7e elementor-widget elementor-widget-text-editor\" data-id=\"4e31a7e\" data-element_type=\"widget\" data-e-type=\"widget\" data-widget_type=\"text-editor.default\">\n\t\t\t\t<div class=\"elementor-widget-container\">\n\t\t\t\t\t\t\t\t\t<p>\u00a0<\/p><p><span style=\"font-style: inherit; font-weight: inherit;\">EPSO kurz<\/span><\/p><p>&#8211;<\/p><p>Kari\u00e9ra v in\u0161tit\u00faci\u00e1ch E\u00da<\/p>\t\t\t\t\t\t\t\t<\/div>\n\t\t\t\t<\/div>\n\t\t\t\t<\/a>\n\t\t\t\t\t<\/div>\n\t\t\t\t<\/div>\n\t\t\t\t<\/div>\n\t\t\t\t<\/div>\n\t\t<div class=\"elementor-element elementor-element-024b832 e-flex e-con-boxed e-con e-parent\" data-id=\"024b832\" data-element_type=\"container\" data-e-type=\"container\">\n\t\t\t\t\t<div class=\"e-con-inner\">\n\t\t\t\t<div class=\"elementor-element elementor-element-c357a6a elementor-absolute elementor-widget elementor-widget-image\" data-id=\"c357a6a\" data-element_type=\"widget\" data-e-type=\"widget\" data-settings=\"{&quot;_position&quot;:&quot;absolute&quot;}\" data-widget_type=\"image.default\">\n\t\t\t\t<div class=\"elementor-widget-container\">\n\t\t\t\t\t\t\t\t\t\t\t\t\t\t\t<img fetchpriority=\"high\" decoding=\"async\" width=\"1024\" height=\"330\" src=\"https:\/\/dakr.flaw.uniba.sk\/wp-content\/uploads\/2025\/04\/sk-biele-5-1024x330.png\" class=\"attachment-large size-large wp-image-1781\" alt=\"\" srcset=\"https:\/\/dakr.flaw.uniba.sk\/wp-content\/uploads\/2025\/04\/sk-biele-5-1024x330.png 1024w, https:\/\/dakr.flaw.uniba.sk\/wp-content\/uploads\/2025\/04\/sk-biele-5-300x97.png 300w, https:\/\/dakr.flaw.uniba.sk\/wp-content\/uploads\/2025\/04\/sk-biele-5-768x247.png 768w, https:\/\/dakr.flaw.uniba.sk\/wp-content\/uploads\/2025\/04\/sk-biele-5-18x6.png 18w, https:\/\/dakr.flaw.uniba.sk\/wp-content\/uploads\/2025\/04\/sk-biele-5.png 1078w\" sizes=\"(max-width: 1024px) 100vw, 1024px\" \/>\t\t\t\t\t\t\t\t\t\t\t\t\t\t\t<\/div>\n\t\t\t\t<\/div>\n\t\t\t\t\t<\/div>\n\t\t\t\t<\/div>\n\t\t\t\t<\/div>","protected":false},"excerpt":{"rendered":"<p>Vzdel\u00e1vac\u00ed program DAKR &#8211; Medzin\u00e1rodn\u00e9 pr\u00e1vo a\u00a0 diplomacia Vzdel\u00e1vac\u00ed program BR OSN \u00a0 EPSO kurz &#8211; Kari\u00e9ra v in\u0161tit\u00faci\u00e1ch E\u00da<\/p>","protected":false},"author":8,"featured_media":0,"parent":0,"menu_order":0,"comment_status":"closed","ping_status":"closed","template":"","meta":{"site-sidebar-layout":"no-sidebar","site-content-layout":"page-builder","ast-site-content-layout":"full-width-container","site-content-style":"unboxed","site-sidebar-style":"unboxed","ast-global-header-display":"","ast-banner-title-visibility":"","ast-main-header-display":"","ast-hfb-above-header-display":"","ast-hfb-below-header-display":"","ast-hfb-mobile-header-display":"","site-post-title":"disabled","ast-breadcrumbs-content":"disabled","ast-featured-img":"disabled","footer-sml-layout":"","ast-disable-related-posts":"","theme-transparent-header-meta":"enabled","adv-header-id-meta":"","stick-header-meta":"","header-above-stick-meta":"","header-main-stick-meta":"","header-below-stick-meta":"","astra-migrate-meta-layouts":"set","ast-page-background-enabled":"default","ast-page-background-meta":{"desktop":{"background-color":"","background-image":"","background-repeat":"repeat","background-position":"center center","background-size":"auto","background-attachment":"scroll","background-type":"","background-media":"","overlay-type":"","overlay-color":"","overlay-opacity":"","overlay-gradient":""},"tablet":{"background-color":"","background-image":"","background-repeat":"repeat","background-position":"center center","background-size":"auto","background-attachment":"scroll","background-type":"","background-media":"","overlay-type":"","overlay-color":"","overlay-opacity":"","overlay-gradient":""},"mobile":{"background-color":"","background-image":"","background-repeat":"repeat","background-position":"center center","background-size":"auto","background-attachment":"scroll","background-type":"","background-media":"","overlay-type":"","overlay-color":"","overlay-opacity":"","overlay-gradient":""}},"ast-content-background-meta":{"desktop":{"background-color":"var(--ast-global-color-5)","background-image":"","background-repeat":"repeat","background-position":"center center","background-size":"auto","background-attachment":"scroll","background-type":"","background-media":"","overlay-type":"","overlay-color":"","overlay-opacity":"","overlay-gradient":""},"tablet":{"background-color":"var(--ast-global-color-5)","background-image":"","background-repeat":"repeat","background-position":"center center","background-size":"auto","background-attachment":"scroll","background-type":"","background-media":"","overlay-type":"","overlay-color":"","overlay-opacity":"","overlay-gradient":""},"mobile":{"background-color":"var(--ast-global-color-5)","background-image":"","background-repeat":"repeat","background-position":"center center","background-size":"auto","background-attachment":"scroll","background-type":"","background-media":"","overlay-type":"","overlay-color":"","overlay-opacity":"","overlay-gradient":""}},"footnotes":""},"class_list":["post-13","page","type-page","status-publish","hentry"],"yoast_head":"<!-- This site is optimized with the Yoast SEO plugin v27.3 - https:\/\/yoast.com\/product\/yoast-seo-wordpress\/ -->\n<title>\u0160t\u00fadium - Diplomatick\u00e1 akad\u00e9mia Karola Ryb\u00e1rika<\/title>\n<meta name=\"robots\" content=\"index, follow, max-snippet:-1, max-image-preview:large, max-video-preview:-1\" \/>\n<link rel=\"canonical\" href=\"https:\/\/dakr.flaw.uniba.sk\/sk\/studium\/\" \/>\n<meta property=\"og:locale\" content=\"sk_SK\" \/>\n<meta property=\"og:type\" content=\"article\" \/>\n<meta property=\"og:title\" content=\"\u0160t\u00fadium - Diplomatick\u00e1 akad\u00e9mia Karola Ryb\u00e1rika\" \/>\n<meta property=\"og:description\" content=\"Vzdel\u00e1vac\u00ed program DAKR &#8211; Medzin\u00e1rodn\u00e9 pr\u00e1vo a\u00a0 diplomacia Vzdel\u00e1vac\u00ed program BR OSN \u00a0 EPSO kurz &#8211; Kari\u00e9ra v in\u0161tit\u00faci\u00e1ch E\u00da\" \/>\n<meta property=\"og:url\" content=\"https:\/\/dakr.flaw.uniba.sk\/sk\/studium\/\" \/>\n<meta property=\"og:site_name\" content=\"Diplomatick\u00e1 akad\u00e9mia Karola Ryb\u00e1rika\" \/>\n<meta property=\"article:modified_time\" content=\"2026-01-07T21:23:09+00:00\" \/>\n<meta property=\"og:image\" content=\"https:\/\/dakr.flaw.uniba.sk\/wp-content\/uploads\/2025\/04\/sk-biele-5.png\" \/>\n\t<meta property=\"og:image:width\" content=\"1078\" \/>\n\t<meta property=\"og:image:height\" content=\"347\" \/>\n\t<meta property=\"og:image:type\" content=\"image\/png\" \/>\n<meta name=\"twitter:card\" content=\"summary_large_image\" \/>\n<meta name=\"twitter:label1\" content=\"Predpokladan\u00fd \u010das \u010d\u00edtania\" \/>\n\t<meta name=\"twitter:data1\" content=\"1 min\u00fata\" \/>\n<script type=\"application\/ld+json\" class=\"yoast-schema-graph\">{\"@context\":\"https:\\\/\\\/schema.org\",\"@graph\":[{\"@type\":\"WebPage\",\"@id\":\"https:\\\/\\\/dakr.flaw.uniba.sk\\\/studium\\\/\",\"url\":\"https:\\\/\\\/dakr.flaw.uniba.sk\\\/studium\\\/\",\"name\":\"\u0160t\u00fadium - Diplomatick\u00e1 akad\u00e9mia Karola Ryb\u00e1rika\",\"isPartOf\":{\"@id\":\"https:\\\/\\\/dakr.flaw.uniba.sk\\\/sk\\\/#website\"},\"primaryImageOfPage\":{\"@id\":\"https:\\\/\\\/dakr.flaw.uniba.sk\\\/studium\\\/#primaryimage\"},\"image\":{\"@id\":\"https:\\\/\\\/dakr.flaw.uniba.sk\\\/studium\\\/#primaryimage\"},\"thumbnailUrl\":\"https:\\\/\\\/dakr.flaw.uniba.sk\\\/wp-content\\\/uploads\\\/2025\\\/04\\\/sk-biele-5-1024x330.png\",\"datePublished\":\"2025-04-20T19:03:48+00:00\",\"dateModified\":\"2026-01-07T21:23:09+00:00\",\"breadcrumb\":{\"@id\":\"https:\\\/\\\/dakr.flaw.uniba.sk\\\/studium\\\/#breadcrumb\"},\"inLanguage\":\"sk-SK\",\"potentialAction\":[{\"@type\":\"ReadAction\",\"target\":[\"https:\\\/\\\/dakr.flaw.uniba.sk\\\/studium\\\/\"]}]},{\"@type\":\"ImageObject\",\"inLanguage\":\"sk-SK\",\"@id\":\"https:\\\/\\\/dakr.flaw.uniba.sk\\\/studium\\\/#primaryimage\",\"url\":\"https:\\\/\\\/dakr.flaw.uniba.sk\\\/wp-content\\\/uploads\\\/2025\\\/04\\\/sk-biele-5-1024x330.png\",\"contentUrl\":\"https:\\\/\\\/dakr.flaw.uniba.sk\\\/wp-content\\\/uploads\\\/2025\\\/04\\\/sk-biele-5-1024x330.png\"},{\"@type\":\"BreadcrumbList\",\"@id\":\"https:\\\/\\\/dakr.flaw.uniba.sk\\\/studium\\\/#breadcrumb\",\"itemListElement\":[{\"@type\":\"ListItem\",\"position\":1,\"name\":\"Home\",\"item\":\"https:\\\/\\\/dakr.flaw.uniba.sk\\\/\"},{\"@type\":\"ListItem\",\"position\":2,\"name\":\"\u0160t\u00fadium\"}]},{\"@type\":\"WebSite\",\"@id\":\"https:\\\/\\\/dakr.flaw.uniba.sk\\\/sk\\\/#website\",\"url\":\"https:\\\/\\\/dakr.flaw.uniba.sk\\\/sk\\\/\",\"name\":\"Diplomatick\u00e1 akad\u00e9mia Karola Ryb\u00e1rika\",\"description\":\"Personal Portfolio Website\",\"publisher\":{\"@id\":\"https:\\\/\\\/dakr.flaw.uniba.sk\\\/sk\\\/#organization\"},\"potentialAction\":[{\"@type\":\"SearchAction\",\"target\":{\"@type\":\"EntryPoint\",\"urlTemplate\":\"https:\\\/\\\/dakr.flaw.uniba.sk\\\/sk\\\/?s={search_term_string}\"},\"query-input\":{\"@type\":\"PropertyValueSpecification\",\"valueRequired\":true,\"valueName\":\"search_term_string\"}}],\"inLanguage\":\"sk-SK\"},{\"@type\":\"Organization\",\"@id\":\"https:\\\/\\\/dakr.flaw.uniba.sk\\\/sk\\\/#organization\",\"name\":\"Diplomatick\u00e1 akad\u00e9mia Karola Ryb\u00e1rika\",\"url\":\"https:\\\/\\\/dakr.flaw.uniba.sk\\\/sk\\\/\",\"logo\":{\"@type\":\"ImageObject\",\"inLanguage\":\"sk-SK\",\"@id\":\"https:\\\/\\\/dakr.flaw.uniba.sk\\\/sk\\\/#\\\/schema\\\/logo\\\/image\\\/\",\"url\":\"https:\\\/\\\/dakr.flaw.uniba.sk\\\/wp-content\\\/uploads\\\/2025\\\/04\\\/cropped-sk-farebne-1.png\",\"contentUrl\":\"https:\\\/\\\/dakr.flaw.uniba.sk\\\/wp-content\\\/uploads\\\/2025\\\/04\\\/cropped-sk-farebne-1.png\",\"width\":1073,\"height\":347,\"caption\":\"Diplomatick\u00e1 akad\u00e9mia Karola Ryb\u00e1rika\"},\"image\":{\"@id\":\"https:\\\/\\\/dakr.flaw.uniba.sk\\\/sk\\\/#\\\/schema\\\/logo\\\/image\\\/\"}}]}<\/script>\n<!-- \/ Yoast SEO plugin. -->","yoast_head_json":{"title":"\u0160t\u00fadium - Diplomatick\u00e1 akad\u00e9mia Karola Ryb\u00e1rika","robots":{"index":"index","follow":"follow","max-snippet":"max-snippet:-1","max-image-preview":"max-image-preview:large","max-video-preview":"max-video-preview:-1"},"canonical":"https:\/\/dakr.flaw.uniba.sk\/sk\/studium\/","og_locale":"sk_SK","og_type":"article","og_title":"\u0160t\u00fadium - Diplomatick\u00e1 akad\u00e9mia Karola Ryb\u00e1rika","og_description":"Vzdel\u00e1vac\u00ed program DAKR &#8211; Medzin\u00e1rodn\u00e9 pr\u00e1vo a\u00a0 diplomacia Vzdel\u00e1vac\u00ed program BR OSN \u00a0 EPSO kurz &#8211; Kari\u00e9ra v in\u0161tit\u00faci\u00e1ch E\u00da","og_url":"https:\/\/dakr.flaw.uniba.sk\/sk\/studium\/","og_site_name":"Diplomatick\u00e1 akad\u00e9mia Karola Ryb\u00e1rika","article_modified_time":"2026-01-07T21:23:09+00:00","og_image":[{"width":1078,"height":347,"url":"https:\/\/dakr.flaw.uniba.sk\/wp-content\/uploads\/2025\/04\/sk-biele-5.png","type":"image\/png"}],"twitter_card":"summary_large_image","twitter_misc":{"Predpokladan\u00fd \u010das \u010d\u00edtania":"1 min\u00fata"},"schema":{"@context":"https:\/\/schema.org","@graph":[{"@type":"WebPage","@id":"https:\/\/dakr.flaw.uniba.sk\/studium\/","url":"https:\/\/dakr.flaw.uniba.sk\/studium\/","name":"\u0160t\u00fadium - Diplomatick\u00e1 akad\u00e9mia Karola Ryb\u00e1rika","isPartOf":{"@id":"https:\/\/dakr.flaw.uniba.sk\/sk\/#website"},"primaryImageOfPage":{"@id":"https:\/\/dakr.flaw.uniba.sk\/studium\/#primaryimage"},"image":{"@id":"https:\/\/dakr.flaw.uniba.sk\/studium\/#primaryimage"},"thumbnailUrl":"https:\/\/dakr.flaw.uniba.sk\/wp-content\/uploads\/2025\/04\/sk-biele-5-1024x330.png","datePublished":"2025-04-20T19:03:48+00:00","dateModified":"2026-01-07T21:23:09+00:00","breadcrumb":{"@id":"https:\/\/dakr.flaw.uniba.sk\/studium\/#breadcrumb"},"inLanguage":"sk-SK","potentialAction":[{"@type":"ReadAction","target":["https:\/\/dakr.flaw.uniba.sk\/studium\/"]}]},{"@type":"ImageObject","inLanguage":"sk-SK","@id":"https:\/\/dakr.flaw.uniba.sk\/studium\/#primaryimage","url":"https:\/\/dakr.flaw.uniba.sk\/wp-content\/uploads\/2025\/04\/sk-biele-5-1024x330.png","contentUrl":"https:\/\/dakr.flaw.uniba.sk\/wp-content\/uploads\/2025\/04\/sk-biele-5-1024x330.png"},{"@type":"BreadcrumbList","@id":"https:\/\/dakr.flaw.uniba.sk\/studium\/#breadcrumb","itemListElement":[{"@type":"ListItem","position":1,"name":"Home","item":"https:\/\/dakr.flaw.uniba.sk\/"},{"@type":"ListItem","position":2,"name":"\u0160t\u00fadium"}]},{"@type":"WebSite","@id":"https:\/\/dakr.flaw.uniba.sk\/sk\/#website","url":"https:\/\/dakr.flaw.uniba.sk\/sk\/","name":"Diplomatick\u00e1 akad\u00e9mia Karola Ryb\u00e1rika","description":"Personal Portfolio Website","publisher":{"@id":"https:\/\/dakr.flaw.uniba.sk\/sk\/#organization"},"potentialAction":[{"@type":"SearchAction","target":{"@type":"EntryPoint","urlTemplate":"https:\/\/dakr.flaw.uniba.sk\/sk\/?s={search_term_string}"},"query-input":{"@type":"PropertyValueSpecification","valueRequired":true,"valueName":"search_term_string"}}],"inLanguage":"sk-SK"},{"@type":"Organization","@id":"https:\/\/dakr.flaw.uniba.sk\/sk\/#organization","name":"Diplomatick\u00e1 akad\u00e9mia Karola Ryb\u00e1rika","url":"https:\/\/dakr.flaw.uniba.sk\/sk\/","logo":{"@type":"ImageObject","inLanguage":"sk-SK","@id":"https:\/\/dakr.flaw.uniba.sk\/sk\/#\/schema\/logo\/image\/","url":"https:\/\/dakr.flaw.uniba.sk\/wp-content\/uploads\/2025\/04\/cropped-sk-farebne-1.png","contentUrl":"https:\/\/dakr.flaw.uniba.sk\/wp-content\/uploads\/2025\/04\/cropped-sk-farebne-1.png","width":1073,"height":347,"caption":"Diplomatick\u00e1 akad\u00e9mia Karola Ryb\u00e1rika"},"image":{"@id":"https:\/\/dakr.flaw.uniba.sk\/sk\/#\/schema\/logo\/image\/"}}]}},"_links":{"self":[{"href":"https:\/\/dakr.flaw.uniba.sk\/sk\/wp-json\/wp\/v2\/pages\/13","targetHints":{"allow":["GET"]}}],"collection":[{"href":"https:\/\/dakr.flaw.uniba.sk\/sk\/wp-json\/wp\/v2\/pages"}],"about":[{"href":"https:\/\/dakr.flaw.uniba.sk\/sk\/wp-json\/wp\/v2\/types\/page"}],"author":[{"embeddable":true,"href":"https:\/\/dakr.flaw.uniba.sk\/sk\/wp-json\/wp\/v2\/users\/8"}],"replies":[{"embeddable":true,"href":"https:\/\/dakr.flaw.uniba.sk\/sk\/wp-json\/wp\/v2\/comments?post=13"}],"version-history":[{"count":128,"href":"https:\/\/dakr.flaw.uniba.sk\/sk\/wp-json\/wp\/v2\/pages\/13\/revisions"}],"predecessor-version":[{"id":4468,"href":"https:\/\/dakr.flaw.uniba.sk\/sk\/wp-json\/wp\/v2\/pages\/13\/revisions\/4468"}],"wp:attachment":[{"href":"https:\/\/dakr.flaw.uniba.sk\/sk\/wp-json\/wp\/v2\/media?parent=13"}],"curies":[{"name":"wp","href":"https:\/\/api.w.org\/{rel}","templated":true}]}}