{"id":246,"date":"2021-02-12T09:51:42","date_gmt":"2021-02-12T08:51:42","guid":{"rendered":"https:\/\/dakademy.flaw.uniba.sk\/?page_id=246"},"modified":"2026-01-07T19:38:28","modified_gmt":"2026-01-07T18:38:28","slug":"lektori","status":"publish","type":"page","link":"https:\/\/dakr.flaw.uniba.sk\/sk\/lektori\/","title":{"rendered":"Lektori"},"content":{"rendered":"<div data-elementor-type=\"wp-page\" data-elementor-id=\"246\" class=\"elementor elementor-246\">\n\t\t\t\t<div class=\"elementor-element elementor-element-50ccefb9 e-grid e-con-boxed e-con e-parent\" data-id=\"50ccefb9\" data-element_type=\"container\" data-e-type=\"container\">\n\t\t\t\t\t<div class=\"e-con-inner\">\n\t\t\t\t<div class=\"elementor-element elementor-element-5b37d966 elementor-widget elementor-widget-heading\" data-id=\"5b37d966\" data-element_type=\"widget\" data-e-type=\"widget\" data-widget_type=\"heading.default\">\n\t\t\t\t<div class=\"elementor-widget-container\">\n\t\t\t\t\t<h3 class=\"elementor-heading-title elementor-size-default\">Lektori<\/h3>\t\t\t\t<\/div>\n\t\t\t\t<\/div>\n\t\t\t\t<div class=\"elementor-element elementor-element-663ff0e4 elementor-widget-divider--view-line elementor-widget elementor-widget-divider\" data-id=\"663ff0e4\" data-element_type=\"widget\" data-e-type=\"widget\" data-widget_type=\"divider.default\">\n\t\t\t\t<div class=\"elementor-widget-container\">\n\t\t\t\t\t\t\t<div class=\"elementor-divider\">\n\t\t\t<span class=\"elementor-divider-separator\">\n\t\t\t\t\t\t<\/span>\n\t\t<\/div>\n\t\t\t\t\t\t<\/div>\n\t\t\t\t<\/div>\n\t\t\t\t<div class=\"elementor-element elementor-element-411f1a62 elementor-widget elementor-widget-text-editor\" data-id=\"411f1a62\" data-element_type=\"widget\" data-e-type=\"widget\" data-widget_type=\"text-editor.default\">\n\t\t\t\t<div class=\"elementor-widget-container\">\n\t\t\t\t\t\t\t\t\t<p>Na\u0161i st\u00e1li lektori Diplomatickej akad\u00e9mie Karola Ryb\u00e1rika:<\/p>\t\t\t\t\t\t\t\t<\/div>\n\t\t\t\t<\/div>\n\t\t\t\t\t<\/div>\n\t\t\t\t<\/div>\n\t\t<div class=\"elementor-element elementor-element-715c40c5 e-con-full e-flex e-con e-parent\" data-id=\"715c40c5\" data-element_type=\"container\" data-e-type=\"container\">\n\t\t<div class=\"elementor-element elementor-element-44d34832 e-con-full e-flex e-con e-child\" data-id=\"44d34832\" data-element_type=\"container\" data-e-type=\"container\">\n\t\t\t\t<div class=\"elementor-element elementor-element-24d4da41 elementor-widget elementor-widget-image\" data-id=\"24d4da41\" data-element_type=\"widget\" data-e-type=\"widget\" data-widget_type=\"image.default\">\n\t\t\t\t<div class=\"elementor-widget-container\">\n\t\t\t\t\t\t\t\t\t\t\t\t\t\t\t<img decoding=\"async\" width=\"150\" height=\"150\" src=\"https:\/\/dakr.flaw.uniba.sk\/wp-content\/uploads\/2025\/05\/c8c97e07-1b9a-11ef-b315-ca36e7882062-150x150.webp\" class=\"attachment-thumbnail size-thumbnail wp-image-2482\" alt=\"\" \/>\t\t\t\t\t\t\t\t\t\t\t\t\t\t\t<\/div>\n\t\t\t\t<\/div>\n\t\t\t\t<div class=\"elementor-element elementor-element-46c1502c elementor-widget elementor-widget-text-editor\" data-id=\"46c1502c\" data-element_type=\"widget\" data-e-type=\"widget\" data-widget_type=\"text-editor.default\">\n\t\t\t\t<div class=\"elementor-widget-container\">\n\t\t\t\t\t\t\t\t\t<p>Ing. Du\u0161an Rozbora<\/p>\t\t\t\t\t\t\t\t<\/div>\n\t\t\t\t<\/div>\n\t\t\t\t<\/div>\n\t\t<div class=\"elementor-element elementor-element-38ec0942 e-con-full e-flex e-con e-child\" data-id=\"38ec0942\" data-element_type=\"container\" data-e-type=\"container\">\n\t\t\t\t<div class=\"elementor-element elementor-element-7ad1227 elementor-widget elementor-widget-image\" data-id=\"7ad1227\" data-element_type=\"widget\" data-e-type=\"widget\" data-widget_type=\"image.default\">\n\t\t\t\t<div class=\"elementor-widget-container\">\n\t\t\t\t\t\t\t\t\t\t\t\t\t\t\t<img decoding=\"async\" width=\"150\" height=\"150\" src=\"https:\/\/dakr.flaw.uniba.sk\/wp-content\/uploads\/2025\/05\/2018_Hanka_9898199625-150x150.jpg\" class=\"attachment-thumbnail size-thumbnail wp-image-2481\" alt=\"\" \/>\t\t\t\t\t\t\t\t\t\t\t\t\t\t\t<\/div>\n\t\t\t\t<\/div>\n\t\t\t\t<div class=\"elementor-element elementor-element-4aef4094 elementor-widget elementor-widget-text-editor\" data-id=\"4aef4094\" data-element_type=\"widget\" data-e-type=\"widget\" data-widget_type=\"text-editor.default\">\n\t\t\t\t<div class=\"elementor-widget-container\">\n\t\t\t\t\t\t\t\t\t<p>doc. JUDr. Hana Kov\u00e1\u010dikov\u00e1, PhD.<\/p>\t\t\t\t\t\t\t\t<\/div>\n\t\t\t\t<\/div>\n\t\t\t\t<\/div>\n\t\t<div class=\"elementor-element elementor-element-204f244 e-con-full e-flex e-con e-child\" data-id=\"204f244\" data-element_type=\"container\" data-e-type=\"container\">\n\t\t\t\t<div class=\"elementor-element elementor-element-8a4f1ba elementor-widget elementor-widget-image\" data-id=\"8a4f1ba\" data-element_type=\"widget\" data-e-type=\"widget\" data-widget_type=\"image.default\">\n\t\t\t\t<div class=\"elementor-widget-container\">\n\t\t\t\t\t\t\t\t\t\t\t\t\t\t\t<img decoding=\"async\" width=\"150\" height=\"150\" src=\"https:\/\/dakr.flaw.uniba.sk\/wp-content\/uploads\/2025\/05\/Kissova_137beccc9a-150x150.png\" class=\"attachment-thumbnail size-thumbnail wp-image-2480\" alt=\"\" \/>\t\t\t\t\t\t\t\t\t\t\t\t\t\t\t<\/div>\n\t\t\t\t<\/div>\n\t\t\t\t<div class=\"elementor-element elementor-element-45af7229 elementor-widget__width-initial elementor-widget elementor-widget-text-editor\" data-id=\"45af7229\" data-element_type=\"widget\" data-e-type=\"widget\" data-widget_type=\"text-editor.default\">\n\t\t\t\t<div class=\"elementor-widget-container\">\n\t\t\t\t\t\t\t\t\t<p>JUDr. S\u00e1ra Ki\u0161\u0161ov\u00e1, PhD.<\/p>\t\t\t\t\t\t\t\t<\/div>\n\t\t\t\t<\/div>\n\t\t\t\t<\/div>\n\t\t\t\t<\/div>\n\t\t<div class=\"elementor-element elementor-element-7f17c448 e-con-full e-flex e-con e-parent\" data-id=\"7f17c448\" data-element_type=\"container\" data-e-type=\"container\">\n\t\t<div class=\"elementor-element elementor-element-1111ce7e e-flex e-con-boxed e-con e-child\" data-id=\"1111ce7e\" data-element_type=\"container\" data-e-type=\"container\">\n\t\t\t\t\t<div class=\"e-con-inner\">\n\t\t<div class=\"elementor-element elementor-element-42078625 e-con-full e-flex e-con e-child\" data-id=\"42078625\" data-element_type=\"container\" data-e-type=\"container\">\n\t\t\t\t<div class=\"elementor-element elementor-element-14be6dc1 elementor-widget elementor-widget-text-editor\" data-id=\"14be6dc1\" data-element_type=\"widget\" data-e-type=\"widget\" data-widget_type=\"text-editor.default\">\n\t\t\t\t<div class=\"elementor-widget-container\">\n\t\t\t\t\t\t\t\t\t<p>Zoznam extern\u00fdch lektorov pre letn\u00fd semester 2025\/2026 spolu s rozvrhom zverejn\u00edme \u010doskoro.\u00a0<\/p>\t\t\t\t\t\t\t\t<\/div>\n\t\t\t\t<\/div>\n\t\t\t\t<div class=\"elementor-element elementor-element-27d3ae0 elementor-widget-divider--view-line elementor-widget elementor-widget-divider\" data-id=\"27d3ae0\" data-element_type=\"widget\" data-e-type=\"widget\" data-widget_type=\"divider.default\">\n\t\t\t\t<div class=\"elementor-widget-container\">\n\t\t\t\t\t\t\t<div class=\"elementor-divider\">\n\t\t\t<span class=\"elementor-divider-separator\">\n\t\t\t\t\t\t<\/span>\n\t\t<\/div>\n\t\t\t\t\t\t<\/div>\n\t\t\t\t<\/div>\n\t\t\t\t<\/div>\n\t\t\t\t\t<\/div>\n\t\t\t\t<\/div>\n\t\t\t\t<\/div>\n\t\t<div class=\"elementor-element elementor-element-62ebd5c0 e-flex e-con-boxed e-con e-parent\" data-id=\"62ebd5c0\" data-element_type=\"container\" data-e-type=\"container\">\n\t\t\t\t\t<div class=\"e-con-inner\">\n\t\t\t\t<div class=\"elementor-element elementor-element-7c8c8781 elementor-absolute elementor-widget elementor-widget-image\" data-id=\"7c8c8781\" data-element_type=\"widget\" data-e-type=\"widget\" data-settings=\"{&quot;_position&quot;:&quot;absolute&quot;}\" data-widget_type=\"image.default\">\n\t\t\t\t<div class=\"elementor-widget-container\">\n\t\t\t\t\t\t\t\t\t\t\t\t\t\t\t<img loading=\"lazy\" decoding=\"async\" width=\"1024\" height=\"330\" src=\"https:\/\/dakr.flaw.uniba.sk\/wp-content\/uploads\/2025\/04\/sk-biele-5-1024x330.png\" class=\"attachment-large size-large wp-image-1781\" alt=\"\" srcset=\"https:\/\/dakr.flaw.uniba.sk\/wp-content\/uploads\/2025\/04\/sk-biele-5-1024x330.png 1024w, https:\/\/dakr.flaw.uniba.sk\/wp-content\/uploads\/2025\/04\/sk-biele-5-300x97.png 300w, https:\/\/dakr.flaw.uniba.sk\/wp-content\/uploads\/2025\/04\/sk-biele-5-768x247.png 768w, https:\/\/dakr.flaw.uniba.sk\/wp-content\/uploads\/2025\/04\/sk-biele-5-18x6.png 18w, https:\/\/dakr.flaw.uniba.sk\/wp-content\/uploads\/2025\/04\/sk-biele-5.png 1078w\" sizes=\"(max-width: 1024px) 100vw, 1024px\" \/>\t\t\t\t\t\t\t\t\t\t\t\t\t\t\t<\/div>\n\t\t\t\t<\/div>\n\t\t\t\t\t<\/div>\n\t\t\t\t<\/div>\n\t\t\t\t<\/div>","protected":false},"excerpt":{"rendered":"<p>Lektori Na\u0161i st\u00e1li lektori Diplomatickej akad\u00e9mie Karola Ryb\u00e1rika: Ing. Du\u0161an Rozbora doc. JUDr. Hana Kov\u00e1\u010dikov\u00e1, PhD. JUDr. S\u00e1ra Ki\u0161\u0161ov\u00e1, PhD. Zoznam extern\u00fdch lektorov pre letn\u00fd semester 2025\/2026 spolu s rozvrhom zverejn\u00edme \u010doskoro.\u00a0<\/p>","protected":false},"author":7,"featured_media":0,"parent":0,"menu_order":0,"comment_status":"closed","ping_status":"closed","template":"","meta":{"site-sidebar-layout":"default","site-content-layout":"","ast-site-content-layout":"default","site-content-style":"default","site-sidebar-style":"default","ast-global-header-display":"","ast-banner-title-visibility":"","ast-main-header-display":"","ast-hfb-above-header-display":"","ast-hfb-below-header-display":"","ast-hfb-mobile-header-display":"","site-post-title":"","ast-breadcrumbs-content":"","ast-featured-img":"","footer-sml-layout":"","ast-disable-related-posts":"","theme-transparent-header-meta":"","adv-header-id-meta":"","stick-header-meta":"","header-above-stick-meta":"","header-main-stick-meta":"","header-below-stick-meta":"","astra-migrate-meta-layouts":"set","ast-page-background-enabled":"default","ast-page-background-meta":{"desktop":{"background-color":"","background-image":"","background-repeat":"repeat","background-position":"center center","background-size":"auto","background-attachment":"scroll","background-type":"","background-media":"","overlay-type":"","overlay-color":"","overlay-opacity":"","overlay-gradient":""},"tablet":{"background-color":"","background-image":"","background-repeat":"repeat","background-position":"center center","background-size":"auto","background-attachment":"scroll","background-type":"","background-media":"","overlay-type":"","overlay-color":"","overlay-opacity":"","overlay-gradient":""},"mobile":{"background-color":"","background-image":"","background-repeat":"repeat","background-position":"center center","background-size":"auto","background-attachment":"scroll","background-type":"","background-media":"","overlay-type":"","overlay-color":"","overlay-opacity":"","overlay-gradient":""}},"ast-content-background-meta":{"desktop":{"background-color":"var(--ast-global-color-5)","background-image":"","background-repeat":"repeat","background-position":"center center","background-size":"auto","background-attachment":"scroll","background-type":"","background-media":"","overlay-type":"","overlay-color":"","overlay-opacity":"","overlay-gradient":""},"tablet":{"background-color":"var(--ast-global-color-5)","background-image":"","background-repeat":"repeat","background-position":"center center","background-size":"auto","background-attachment":"scroll","background-type":"","background-media":"","overlay-type":"","overlay-color":"","overlay-opacity":"","overlay-gradient":""},"mobile":{"background-color":"var(--ast-global-color-5)","background-image":"","background-repeat":"repeat","background-position":"center center","background-size":"auto","background-attachment":"scroll","background-type":"","background-media":"","overlay-type":"","overlay-color":"","overlay-opacity":"","overlay-gradient":""}},"footnotes":""},"class_list":["post-246","page","type-page","status-publish","hentry"],"yoast_head":"<!-- This site is optimized with the Yoast SEO plugin v27.3 - https:\/\/yoast.com\/product\/yoast-seo-wordpress\/ -->\n<title>Lektori - Diplomatick\u00e1 akad\u00e9mia Karola Ryb\u00e1rika<\/title>\n<meta name=\"robots\" content=\"index, follow, max-snippet:-1, max-image-preview:large, max-video-preview:-1\" \/>\n<link rel=\"canonical\" href=\"https:\/\/dakr.flaw.uniba.sk\/sk\/lektori\/\" \/>\n<meta property=\"og:locale\" content=\"sk_SK\" \/>\n<meta property=\"og:type\" content=\"article\" \/>\n<meta property=\"og:title\" content=\"Lektori - Diplomatick\u00e1 akad\u00e9mia Karola Ryb\u00e1rika\" \/>\n<meta property=\"og:description\" content=\"Lektori Na\u0161i st\u00e1li lektori Diplomatickej akad\u00e9mie Karola Ryb\u00e1rika: Ing. Du\u0161an Rozbora doc. JUDr. Hana Kov\u00e1\u010dikov\u00e1, PhD. JUDr. S\u00e1ra Ki\u0161\u0161ov\u00e1, PhD. Zoznam extern\u00fdch lektorov pre letn\u00fd semester 2025\/2026 spolu s rozvrhom zverejn\u00edme \u010doskoro.\u00a0\" \/>\n<meta property=\"og:url\" content=\"https:\/\/dakr.flaw.uniba.sk\/sk\/lektori\/\" \/>\n<meta property=\"og:site_name\" content=\"Diplomatick\u00e1 akad\u00e9mia Karola Ryb\u00e1rika\" \/>\n<meta property=\"article:modified_time\" content=\"2026-01-07T18:38:28+00:00\" \/>\n<meta property=\"og:image\" content=\"https:\/\/dakr.flaw.uniba.sk\/wp-content\/uploads\/2025\/05\/c8c97e07-1b9a-11ef-b315-ca36e7882062.webp\" \/>\n\t<meta property=\"og:image:width\" content=\"1680\" \/>\n\t<meta property=\"og:image:height\" content=\"945\" \/>\n\t<meta property=\"og:image:type\" content=\"image\/webp\" \/>\n<meta name=\"twitter:card\" content=\"summary_large_image\" \/>\n<meta name=\"twitter:label1\" content=\"Predpokladan\u00fd \u010das \u010d\u00edtania\" \/>\n\t<meta name=\"twitter:data1\" content=\"1 min\u00fata\" \/>\n<script type=\"application\/ld+json\" class=\"yoast-schema-graph\">{\"@context\":\"https:\\\/\\\/schema.org\",\"@graph\":[{\"@type\":\"WebPage\",\"@id\":\"https:\\\/\\\/dakr.flaw.uniba.sk\\\/lektori\\\/\",\"url\":\"https:\\\/\\\/dakr.flaw.uniba.sk\\\/lektori\\\/\",\"name\":\"Lektori - Diplomatick\u00e1 akad\u00e9mia Karola Ryb\u00e1rika\",\"isPartOf\":{\"@id\":\"https:\\\/\\\/dakr.flaw.uniba.sk\\\/sk\\\/#website\"},\"primaryImageOfPage\":{\"@id\":\"https:\\\/\\\/dakr.flaw.uniba.sk\\\/lektori\\\/#primaryimage\"},\"image\":{\"@id\":\"https:\\\/\\\/dakr.flaw.uniba.sk\\\/lektori\\\/#primaryimage\"},\"thumbnailUrl\":\"https:\\\/\\\/dakr.flaw.uniba.sk\\\/wp-content\\\/uploads\\\/2025\\\/05\\\/c8c97e07-1b9a-11ef-b315-ca36e7882062-150x150.webp\",\"datePublished\":\"2021-02-12T08:51:42+00:00\",\"dateModified\":\"2026-01-07T18:38:28+00:00\",\"breadcrumb\":{\"@id\":\"https:\\\/\\\/dakr.flaw.uniba.sk\\\/lektori\\\/#breadcrumb\"},\"inLanguage\":\"sk-SK\",\"potentialAction\":[{\"@type\":\"ReadAction\",\"target\":[\"https:\\\/\\\/dakr.flaw.uniba.sk\\\/lektori\\\/\"]}]},{\"@type\":\"ImageObject\",\"inLanguage\":\"sk-SK\",\"@id\":\"https:\\\/\\\/dakr.flaw.uniba.sk\\\/lektori\\\/#primaryimage\",\"url\":\"https:\\\/\\\/dakr.flaw.uniba.sk\\\/wp-content\\\/uploads\\\/2025\\\/05\\\/c8c97e07-1b9a-11ef-b315-ca36e7882062-150x150.webp\",\"contentUrl\":\"https:\\\/\\\/dakr.flaw.uniba.sk\\\/wp-content\\\/uploads\\\/2025\\\/05\\\/c8c97e07-1b9a-11ef-b315-ca36e7882062-150x150.webp\"},{\"@type\":\"BreadcrumbList\",\"@id\":\"https:\\\/\\\/dakr.flaw.uniba.sk\\\/lektori\\\/#breadcrumb\",\"itemListElement\":[{\"@type\":\"ListItem\",\"position\":1,\"name\":\"Home\",\"item\":\"https:\\\/\\\/dakr.flaw.uniba.sk\\\/\"},{\"@type\":\"ListItem\",\"position\":2,\"name\":\"Lektori\"}]},{\"@type\":\"WebSite\",\"@id\":\"https:\\\/\\\/dakr.flaw.uniba.sk\\\/sk\\\/#website\",\"url\":\"https:\\\/\\\/dakr.flaw.uniba.sk\\\/sk\\\/\",\"name\":\"Diplomatick\u00e1 akad\u00e9mia Karola Ryb\u00e1rika\",\"description\":\"Personal Portfolio Website\",\"publisher\":{\"@id\":\"https:\\\/\\\/dakr.flaw.uniba.sk\\\/sk\\\/#organization\"},\"potentialAction\":[{\"@type\":\"SearchAction\",\"target\":{\"@type\":\"EntryPoint\",\"urlTemplate\":\"https:\\\/\\\/dakr.flaw.uniba.sk\\\/sk\\\/?s={search_term_string}\"},\"query-input\":{\"@type\":\"PropertyValueSpecification\",\"valueRequired\":true,\"valueName\":\"search_term_string\"}}],\"inLanguage\":\"sk-SK\"},{\"@type\":\"Organization\",\"@id\":\"https:\\\/\\\/dakr.flaw.uniba.sk\\\/sk\\\/#organization\",\"name\":\"Diplomatick\u00e1 akad\u00e9mia Karola Ryb\u00e1rika\",\"url\":\"https:\\\/\\\/dakr.flaw.uniba.sk\\\/sk\\\/\",\"logo\":{\"@type\":\"ImageObject\",\"inLanguage\":\"sk-SK\",\"@id\":\"https:\\\/\\\/dakr.flaw.uniba.sk\\\/sk\\\/#\\\/schema\\\/logo\\\/image\\\/\",\"url\":\"https:\\\/\\\/dakr.flaw.uniba.sk\\\/wp-content\\\/uploads\\\/2025\\\/04\\\/cropped-sk-farebne-1.png\",\"contentUrl\":\"https:\\\/\\\/dakr.flaw.uniba.sk\\\/wp-content\\\/uploads\\\/2025\\\/04\\\/cropped-sk-farebne-1.png\",\"width\":1073,\"height\":347,\"caption\":\"Diplomatick\u00e1 akad\u00e9mia Karola Ryb\u00e1rika\"},\"image\":{\"@id\":\"https:\\\/\\\/dakr.flaw.uniba.sk\\\/sk\\\/#\\\/schema\\\/logo\\\/image\\\/\"}}]}<\/script>\n<!-- \/ Yoast SEO plugin. -->","yoast_head_json":{"title":"Lektori - Diplomatick\u00e1 akad\u00e9mia Karola Ryb\u00e1rika","robots":{"index":"index","follow":"follow","max-snippet":"max-snippet:-1","max-image-preview":"max-image-preview:large","max-video-preview":"max-video-preview:-1"},"canonical":"https:\/\/dakr.flaw.uniba.sk\/sk\/lektori\/","og_locale":"sk_SK","og_type":"article","og_title":"Lektori - Diplomatick\u00e1 akad\u00e9mia Karola Ryb\u00e1rika","og_description":"Lektori Na\u0161i st\u00e1li lektori Diplomatickej akad\u00e9mie Karola Ryb\u00e1rika: Ing. Du\u0161an Rozbora doc. JUDr. Hana Kov\u00e1\u010dikov\u00e1, PhD. JUDr. S\u00e1ra Ki\u0161\u0161ov\u00e1, PhD. Zoznam extern\u00fdch lektorov pre letn\u00fd semester 2025\/2026 spolu s rozvrhom zverejn\u00edme \u010doskoro.\u00a0","og_url":"https:\/\/dakr.flaw.uniba.sk\/sk\/lektori\/","og_site_name":"Diplomatick\u00e1 akad\u00e9mia Karola Ryb\u00e1rika","article_modified_time":"2026-01-07T18:38:28+00:00","og_image":[{"width":1680,"height":945,"url":"https:\/\/dakr.flaw.uniba.sk\/wp-content\/uploads\/2025\/05\/c8c97e07-1b9a-11ef-b315-ca36e7882062.webp","type":"image\/webp"}],"twitter_card":"summary_large_image","twitter_misc":{"Predpokladan\u00fd \u010das \u010d\u00edtania":"1 min\u00fata"},"schema":{"@context":"https:\/\/schema.org","@graph":[{"@type":"WebPage","@id":"https:\/\/dakr.flaw.uniba.sk\/lektori\/","url":"https:\/\/dakr.flaw.uniba.sk\/lektori\/","name":"Lektori - Diplomatick\u00e1 akad\u00e9mia Karola Ryb\u00e1rika","isPartOf":{"@id":"https:\/\/dakr.flaw.uniba.sk\/sk\/#website"},"primaryImageOfPage":{"@id":"https:\/\/dakr.flaw.uniba.sk\/lektori\/#primaryimage"},"image":{"@id":"https:\/\/dakr.flaw.uniba.sk\/lektori\/#primaryimage"},"thumbnailUrl":"https:\/\/dakr.flaw.uniba.sk\/wp-content\/uploads\/2025\/05\/c8c97e07-1b9a-11ef-b315-ca36e7882062-150x150.webp","datePublished":"2021-02-12T08:51:42+00:00","dateModified":"2026-01-07T18:38:28+00:00","breadcrumb":{"@id":"https:\/\/dakr.flaw.uniba.sk\/lektori\/#breadcrumb"},"inLanguage":"sk-SK","potentialAction":[{"@type":"ReadAction","target":["https:\/\/dakr.flaw.uniba.sk\/lektori\/"]}]},{"@type":"ImageObject","inLanguage":"sk-SK","@id":"https:\/\/dakr.flaw.uniba.sk\/lektori\/#primaryimage","url":"https:\/\/dakr.flaw.uniba.sk\/wp-content\/uploads\/2025\/05\/c8c97e07-1b9a-11ef-b315-ca36e7882062-150x150.webp","contentUrl":"https:\/\/dakr.flaw.uniba.sk\/wp-content\/uploads\/2025\/05\/c8c97e07-1b9a-11ef-b315-ca36e7882062-150x150.webp"},{"@type":"BreadcrumbList","@id":"https:\/\/dakr.flaw.uniba.sk\/lektori\/#breadcrumb","itemListElement":[{"@type":"ListItem","position":1,"name":"Home","item":"https:\/\/dakr.flaw.uniba.sk\/"},{"@type":"ListItem","position":2,"name":"Lektori"}]},{"@type":"WebSite","@id":"https:\/\/dakr.flaw.uniba.sk\/sk\/#website","url":"https:\/\/dakr.flaw.uniba.sk\/sk\/","name":"Diplomatick\u00e1 akad\u00e9mia Karola Ryb\u00e1rika","description":"Personal Portfolio Website","publisher":{"@id":"https:\/\/dakr.flaw.uniba.sk\/sk\/#organization"},"potentialAction":[{"@type":"SearchAction","target":{"@type":"EntryPoint","urlTemplate":"https:\/\/dakr.flaw.uniba.sk\/sk\/?s={search_term_string}"},"query-input":{"@type":"PropertyValueSpecification","valueRequired":true,"valueName":"search_term_string"}}],"inLanguage":"sk-SK"},{"@type":"Organization","@id":"https:\/\/dakr.flaw.uniba.sk\/sk\/#organization","name":"Diplomatick\u00e1 akad\u00e9mia Karola Ryb\u00e1rika","url":"https:\/\/dakr.flaw.uniba.sk\/sk\/","logo":{"@type":"ImageObject","inLanguage":"sk-SK","@id":"https:\/\/dakr.flaw.uniba.sk\/sk\/#\/schema\/logo\/image\/","url":"https:\/\/dakr.flaw.uniba.sk\/wp-content\/uploads\/2025\/04\/cropped-sk-farebne-1.png","contentUrl":"https:\/\/dakr.flaw.uniba.sk\/wp-content\/uploads\/2025\/04\/cropped-sk-farebne-1.png","width":1073,"height":347,"caption":"Diplomatick\u00e1 akad\u00e9mia Karola Ryb\u00e1rika"},"image":{"@id":"https:\/\/dakr.flaw.uniba.sk\/sk\/#\/schema\/logo\/image\/"}}]}},"_links":{"self":[{"href":"https:\/\/dakr.flaw.uniba.sk\/sk\/wp-json\/wp\/v2\/pages\/246","targetHints":{"allow":["GET"]}}],"collection":[{"href":"https:\/\/dakr.flaw.uniba.sk\/sk\/wp-json\/wp\/v2\/pages"}],"about":[{"href":"https:\/\/dakr.flaw.uniba.sk\/sk\/wp-json\/wp\/v2\/types\/page"}],"author":[{"embeddable":true,"href":"https:\/\/dakr.flaw.uniba.sk\/sk\/wp-json\/wp\/v2\/users\/7"}],"replies":[{"embeddable":true,"href":"https:\/\/dakr.flaw.uniba.sk\/sk\/wp-json\/wp\/v2\/comments?post=246"}],"version-history":[{"count":106,"href":"https:\/\/dakr.flaw.uniba.sk\/sk\/wp-json\/wp\/v2\/pages\/246\/revisions"}],"predecessor-version":[{"id":4370,"href":"https:\/\/dakr.flaw.uniba.sk\/sk\/wp-json\/wp\/v2\/pages\/246\/revisions\/4370"}],"wp:attachment":[{"href":"https:\/\/dakr.flaw.uniba.sk\/sk\/wp-json\/wp\/v2\/media?parent=246"}],"curies":[{"name":"wp","href":"https:\/\/api.w.org\/{rel}","templated":true}]}}