{"id":9,"date":"2025-04-20T21:03:48","date_gmt":"2025-04-20T19:03:48","guid":{"rendered":"https:\/\/dakr.flaw.uniba.sk\/about\/"},"modified":"2025-07-09T22:45:24","modified_gmt":"2025-07-09T20:45:24","slug":"o-nas","status":"publish","type":"page","link":"https:\/\/dakr.flaw.uniba.sk\/sk\/o-nas\/","title":{"rendered":"O n\u00e1s"},"content":{"rendered":"<div data-elementor-type=\"wp-page\" data-elementor-id=\"9\" class=\"elementor elementor-9\">\n\t\t\t\t<div class=\"elementor-element elementor-element-fedbaa7 e-flex e-con-boxed e-con e-parent\" data-id=\"fedbaa7\" data-element_type=\"container\" data-e-type=\"container\" data-settings=\"{&quot;background_background&quot;:&quot;classic&quot;}\">\n\t\t\t\t\t<div class=\"e-con-inner\">\n\t\t<div class=\"elementor-element elementor-element-acab12c e-con-full e-flex e-con e-child\" data-id=\"acab12c\" data-element_type=\"container\" data-e-type=\"container\" data-settings=\"{&quot;background_background&quot;:&quot;classic&quot;}\">\n\t\t\t\t<div class=\"elementor-element elementor-element-be95f36 elementor-widget__width-initial elementor-widget elementor-widget-text-editor\" data-id=\"be95f36\" data-element_type=\"widget\" data-e-type=\"widget\" data-widget_type=\"text-editor.default\">\n\t\t\t\t<div class=\"elementor-widget-container\">\n\t\t\t\t\t\t\t\t\t<p><!--ScriptorStartFragment-->Diplomatick\u00e1 akad\u00e9mia Karola Ryb\u00e1rika, ako pracovisko \u010fal\u0161ieho vzdel\u00e1vania na Pr\u00e1vnickej fakulte Univerzity Komensk\u00e9ho v Bratislave, pon\u00faka ro\u010dn\u00e9 \u0161pecializa\u010dn\u00e9 vzdel\u00e1vanie pre absolventov vysok\u00fdch \u0161k\u00f4l (ukon\u010den\u00fd II. stupe\u0148 V\u0160). <!--ScriptorEndFragment--><\/p>\t\t\t\t\t\t\t\t<\/div>\n\t\t\t\t<\/div>\n\t\t\t\t<div class=\"elementor-element elementor-element-1b6b5f5 elementor-absolute elementor-widget elementor-widget-image\" data-id=\"1b6b5f5\" data-element_type=\"widget\" data-e-type=\"widget\" data-settings=\"{&quot;_position&quot;:&quot;absolute&quot;}\" data-widget_type=\"image.default\">\n\t\t\t\t<div class=\"elementor-widget-container\">\n\t\t\t\t\t\t\t\t\t\t\t\t\t\t\t<img fetchpriority=\"high\" decoding=\"async\" width=\"968\" height=\"1024\" src=\"https:\/\/dakr.flaw.uniba.sk\/wp-content\/uploads\/2025\/04\/uk_Logo_VERT_SK_Gridsystem_WH-86-968x1024.png\" class=\"attachment-large size-large wp-image-2048\" alt=\"\" srcset=\"https:\/\/dakr.flaw.uniba.sk\/wp-content\/uploads\/2025\/04\/uk_Logo_VERT_SK_Gridsystem_WH-86-968x1024.png 968w, https:\/\/dakr.flaw.uniba.sk\/wp-content\/uploads\/2025\/04\/uk_Logo_VERT_SK_Gridsystem_WH-86-284x300.png 284w, https:\/\/dakr.flaw.uniba.sk\/wp-content\/uploads\/2025\/04\/uk_Logo_VERT_SK_Gridsystem_WH-86-768x813.png 768w, https:\/\/dakr.flaw.uniba.sk\/wp-content\/uploads\/2025\/04\/uk_Logo_VERT_SK_Gridsystem_WH-86-1452x1536.png 1452w, https:\/\/dakr.flaw.uniba.sk\/wp-content\/uploads\/2025\/04\/uk_Logo_VERT_SK_Gridsystem_WH-86-11x12.png 11w, https:\/\/dakr.flaw.uniba.sk\/wp-content\/uploads\/2025\/04\/uk_Logo_VERT_SK_Gridsystem_WH-86.png 1516w\" sizes=\"(max-width: 968px) 100vw, 968px\" \/>\t\t\t\t\t\t\t\t\t\t\t\t\t\t\t<\/div>\n\t\t\t\t<\/div>\n\t\t\t\t<div class=\"elementor-element elementor-element-3c176d2 elementor-absolute elementor-widget elementor-widget-image\" data-id=\"3c176d2\" data-element_type=\"widget\" data-e-type=\"widget\" data-settings=\"{&quot;_position&quot;:&quot;absolute&quot;}\" data-widget_type=\"image.default\">\n\t\t\t\t<div class=\"elementor-widget-container\">\n\t\t\t\t\t\t\t\t\t\t\t\t\t\t\t<img decoding=\"async\" width=\"1024\" height=\"521\" src=\"https:\/\/dakr.flaw.uniba.sk\/wp-content\/uploads\/2025\/05\/PRAF-uk_Logo_SK_MIN-okraj_WH-81-1024x521.png\" class=\"attachment-large size-large wp-image-2591\" alt=\"\" srcset=\"https:\/\/dakr.flaw.uniba.sk\/wp-content\/uploads\/2025\/05\/PRAF-uk_Logo_SK_MIN-okraj_WH-81-1024x521.png 1024w, https:\/\/dakr.flaw.uniba.sk\/wp-content\/uploads\/2025\/05\/PRAF-uk_Logo_SK_MIN-okraj_WH-81-300x153.png 300w, https:\/\/dakr.flaw.uniba.sk\/wp-content\/uploads\/2025\/05\/PRAF-uk_Logo_SK_MIN-okraj_WH-81-768x391.png 768w, https:\/\/dakr.flaw.uniba.sk\/wp-content\/uploads\/2025\/05\/PRAF-uk_Logo_SK_MIN-okraj_WH-81-1536x782.png 1536w, https:\/\/dakr.flaw.uniba.sk\/wp-content\/uploads\/2025\/05\/PRAF-uk_Logo_SK_MIN-okraj_WH-81-18x9.png 18w, https:\/\/dakr.flaw.uniba.sk\/wp-content\/uploads\/2025\/05\/PRAF-uk_Logo_SK_MIN-okraj_WH-81.png 1639w\" sizes=\"(max-width: 1024px) 100vw, 1024px\" \/>\t\t\t\t\t\t\t\t\t\t\t\t\t\t\t<\/div>\n\t\t\t\t<\/div>\n\t\t\t\t<\/div>\n\t\t<div class=\"elementor-element elementor-element-0e3b245 e-con-full e-flex e-con e-child\" data-id=\"0e3b245\" data-element_type=\"container\" data-e-type=\"container\" data-settings=\"{&quot;background_background&quot;:&quot;classic&quot;}\">\n\t\t\t\t<div class=\"elementor-element elementor-element-f1e93f2 elementor-widget__width-initial elementor-widget elementor-widget-text-editor\" data-id=\"f1e93f2\" data-element_type=\"widget\" data-e-type=\"widget\" data-widget_type=\"text-editor.default\">\n\t\t\t\t<div class=\"elementor-widget-container\">\n\t\t\t\t\t\t\t\t\t<p><!--ScriptorStartFragment-->Vzdel\u00e1vacie programy s\u00fa vhodn\u00e9 najm\u00e4 pre t\u00fdch z\u00e1ujemcov, ktor\u00ed by sa chceli orientova\u0165 na kari\u00e9ru v medzin\u00e1rodnej sf\u00e9re, v Eur\u00f3pskej \u00fanii \u010di v \u0161t\u00e1tnej spr\u00e1ve na ministerstv\u00e1ch,\u00a0 diplomatick\u00fdch alebo konzul\u00e1rnych \u00faradoch.<\/p><p><span style=\"font-style: inherit; font-weight: inherit;\">Diplomatick\u00e1 akad\u00e9mia Karola Ryb\u00e1rika nevyd\u00e1va v t\u00fdchto vzdel\u00e1vac\u00edch programoch akademick\u00e9 tituly (Bc., Mgr.) ani profesn\u00e9 tituly (M.A., MPA.), vzdelanie je zakon\u010den\u00e9 udelen\u00edm osved\u010denia o absolvovan\u00ed.<\/span><\/p>\t\t\t\t\t\t\t\t<\/div>\n\t\t\t\t<\/div>\n\t\t\t\t<\/div>\n\t\t<div class=\"elementor-element elementor-element-a8dfc12 e-con-full e-flex e-con e-child\" data-id=\"a8dfc12\" data-element_type=\"container\" data-e-type=\"container\" data-settings=\"{&quot;background_background&quot;:&quot;classic&quot;}\">\n\t\t\t\t<div class=\"elementor-element elementor-element-7be60c5 elementor-widget__width-initial elementor-absolute elementor-widget elementor-widget-image\" data-id=\"7be60c5\" data-element_type=\"widget\" data-e-type=\"widget\" data-settings=\"{&quot;_position&quot;:&quot;absolute&quot;}\" data-widget_type=\"image.default\">\n\t\t\t\t<div class=\"elementor-widget-container\">\n\t\t\t\t\t\t\t\t\t\t\t\t\t\t\t\t<a href=\"https:\/\/dakr.flaw.uniba.sk\/sk\/fotogaleria\/\">\n\t\t\t\t\t\t\t<img decoding=\"async\" width=\"1024\" height=\"683\" src=\"https:\/\/dakr.flaw.uniba.sk\/wp-content\/uploads\/2025\/05\/DSC3132-ko\u0301pia-1024x683.jpeg\" class=\"attachment-large size-large wp-image-2898\" alt=\"\" srcset=\"https:\/\/dakr.flaw.uniba.sk\/wp-content\/uploads\/2025\/05\/DSC3132-ko\u0301pia-1024x683.jpeg 1024w, https:\/\/dakr.flaw.uniba.sk\/wp-content\/uploads\/2025\/05\/DSC3132-ko\u0301pia-300x200.jpeg 300w, https:\/\/dakr.flaw.uniba.sk\/wp-content\/uploads\/2025\/05\/DSC3132-ko\u0301pia-768x512.jpeg 768w, https:\/\/dakr.flaw.uniba.sk\/wp-content\/uploads\/2025\/05\/DSC3132-ko\u0301pia-1536x1024.jpeg 1536w, https:\/\/dakr.flaw.uniba.sk\/wp-content\/uploads\/2025\/05\/DSC3132-ko\u0301pia-18x12.jpeg 18w, https:\/\/dakr.flaw.uniba.sk\/wp-content\/uploads\/2025\/05\/DSC3132-ko\u0301pia.jpeg 1920w\" sizes=\"(max-width: 1024px) 100vw, 1024px\" \/>\t\t\t\t\t\t\t\t<\/a>\n\t\t\t\t\t\t\t\t\t\t\t\t\t\t\t<\/div>\n\t\t\t\t<\/div>\n\t\t\t\t<div class=\"elementor-element elementor-element-870b981 elementor-widget__width-initial elementor-absolute elementor-widget elementor-widget-image\" data-id=\"870b981\" data-element_type=\"widget\" data-e-type=\"widget\" data-settings=\"{&quot;_position&quot;:&quot;absolute&quot;}\" data-widget_type=\"image.default\">\n\t\t\t\t<div class=\"elementor-widget-container\">\n\t\t\t\t\t\t\t\t\t\t\t\t\t\t\t\t<a href=\"https:\/\/dakr.flaw.uniba.sk\/sk\/fotogaleria\/\">\n\t\t\t\t\t\t\t<img loading=\"lazy\" decoding=\"async\" width=\"1024\" height=\"683\" src=\"https:\/\/dakr.flaw.uniba.sk\/wp-content\/uploads\/2025\/05\/DSC3131-ko\u0301pia-1024x683.jpeg\" class=\"attachment-large size-large wp-image-2894\" alt=\"\" srcset=\"https:\/\/dakr.flaw.uniba.sk\/wp-content\/uploads\/2025\/05\/DSC3131-ko\u0301pia-1024x683.jpeg 1024w, https:\/\/dakr.flaw.uniba.sk\/wp-content\/uploads\/2025\/05\/DSC3131-ko\u0301pia-300x200.jpeg 300w, https:\/\/dakr.flaw.uniba.sk\/wp-content\/uploads\/2025\/05\/DSC3131-ko\u0301pia-768x512.jpeg 768w, https:\/\/dakr.flaw.uniba.sk\/wp-content\/uploads\/2025\/05\/DSC3131-ko\u0301pia-1536x1024.jpeg 1536w, https:\/\/dakr.flaw.uniba.sk\/wp-content\/uploads\/2025\/05\/DSC3131-ko\u0301pia-18x12.jpeg 18w, https:\/\/dakr.flaw.uniba.sk\/wp-content\/uploads\/2025\/05\/DSC3131-ko\u0301pia.jpeg 1920w\" sizes=\"(max-width: 1024px) 100vw, 1024px\" \/>\t\t\t\t\t\t\t\t<\/a>\n\t\t\t\t\t\t\t\t\t\t\t\t\t\t\t<\/div>\n\t\t\t\t<\/div>\n\t\t\t\t<div class=\"elementor-element elementor-element-cb0e129 elementor-absolute elementor-widget elementor-widget-image\" data-id=\"cb0e129\" data-element_type=\"widget\" data-e-type=\"widget\" data-settings=\"{&quot;_position&quot;:&quot;absolute&quot;}\" data-widget_type=\"image.default\">\n\t\t\t\t<div class=\"elementor-widget-container\">\n\t\t\t\t\t\t\t\t\t\t\t\t\t\t\t<img loading=\"lazy\" decoding=\"async\" width=\"1024\" height=\"330\" src=\"https:\/\/dakr.flaw.uniba.sk\/wp-content\/uploads\/2025\/04\/sk-biele-5-1024x330.png\" class=\"attachment-large size-large wp-image-1781\" alt=\"\" srcset=\"https:\/\/dakr.flaw.uniba.sk\/wp-content\/uploads\/2025\/04\/sk-biele-5-1024x330.png 1024w, https:\/\/dakr.flaw.uniba.sk\/wp-content\/uploads\/2025\/04\/sk-biele-5-300x97.png 300w, https:\/\/dakr.flaw.uniba.sk\/wp-content\/uploads\/2025\/04\/sk-biele-5-768x247.png 768w, https:\/\/dakr.flaw.uniba.sk\/wp-content\/uploads\/2025\/04\/sk-biele-5-18x6.png 18w, https:\/\/dakr.flaw.uniba.sk\/wp-content\/uploads\/2025\/04\/sk-biele-5.png 1078w\" sizes=\"(max-width: 1024px) 100vw, 1024px\" \/>\t\t\t\t\t\t\t\t\t\t\t\t\t\t\t<\/div>\n\t\t\t\t<\/div>\n\t\t\t\t<div class=\"elementor-element elementor-element-a7893c7 elementor-widget-tablet__width-initial elementor-widget elementor-widget-text-editor\" data-id=\"a7893c7\" data-element_type=\"widget\" data-e-type=\"widget\" data-widget_type=\"text-editor.default\">\n\t\t\t\t<div class=\"elementor-widget-container\">\n\t\t\t\t\t\t\t\t\t<p><output>Diplomatick\u00fa akad\u00e9miu Karola Ryb\u00e1rika po odbornej a akademickej str\u00e1nke vedie <strong>doc. JUDr. Hana Kov\u00e1\u010dikov\u00e1, PhD.<\/strong>, prodekanka pre Diplomatick\u00fa akad\u00e9miu, majetok a invest\u00edcie, a <strong>JUDr. S\u00e1ra Ki\u0161\u0161ov\u00e1, PhD.<\/strong>, tajomn\u00ed\u010dka pre Diplomatick\u00fa akad\u00e9miu Karola Ryb\u00e1rika. Obe z\u00e1rove\u0148 p\u00f4sobia ako lektorky v r\u00e1mci vybrat\u00fdch kurzov.<\/output><\/p>\t\t\t\t\t\t\t\t<\/div>\n\t\t\t\t<\/div>\n\t\t\t\t<\/div>\n\t\t\t\t\t<\/div>\n\t\t\t\t<\/div>\n\t\t<div class=\"elementor-element elementor-element-7464eb0 e-flex e-con-boxed e-con e-parent\" data-id=\"7464eb0\" data-element_type=\"container\" data-e-type=\"container\">\n\t\t\t\t\t<div class=\"e-con-inner\">\n\t\t\t\t<div class=\"elementor-element elementor-element-ab0b47a elementor-absolute elementor-widget elementor-widget-image\" data-id=\"ab0b47a\" data-element_type=\"widget\" data-e-type=\"widget\" data-settings=\"{&quot;_position&quot;:&quot;absolute&quot;}\" data-widget_type=\"image.default\">\n\t\t\t\t<div class=\"elementor-widget-container\">\n\t\t\t\t\t\t\t\t\t\t\t\t\t\t\t<img loading=\"lazy\" decoding=\"async\" width=\"1024\" height=\"330\" src=\"https:\/\/dakr.flaw.uniba.sk\/wp-content\/uploads\/2025\/04\/sk-biele-5-1024x330.png\" class=\"attachment-large size-large wp-image-1781\" alt=\"\" srcset=\"https:\/\/dakr.flaw.uniba.sk\/wp-content\/uploads\/2025\/04\/sk-biele-5-1024x330.png 1024w, https:\/\/dakr.flaw.uniba.sk\/wp-content\/uploads\/2025\/04\/sk-biele-5-300x97.png 300w, https:\/\/dakr.flaw.uniba.sk\/wp-content\/uploads\/2025\/04\/sk-biele-5-768x247.png 768w, https:\/\/dakr.flaw.uniba.sk\/wp-content\/uploads\/2025\/04\/sk-biele-5-18x6.png 18w, https:\/\/dakr.flaw.uniba.sk\/wp-content\/uploads\/2025\/04\/sk-biele-5.png 1078w\" sizes=\"(max-width: 1024px) 100vw, 1024px\" \/>\t\t\t\t\t\t\t\t\t\t\t\t\t\t\t<\/div>\n\t\t\t\t<\/div>\n\t\t\t\t\t<\/div>\n\t\t\t\t<\/div>\n\t\t<div class=\"elementor-element elementor-element-70ddd51 e-flex e-con-boxed e-con e-parent\" data-id=\"70ddd51\" data-element_type=\"container\" data-e-type=\"container\">\n\t\t\t\t\t<div class=\"e-con-inner\">\n\t\t\t\t\t<\/div>\n\t\t\t\t<\/div>\n\t\t\t\t<\/div>","protected":false},"excerpt":{"rendered":"<p>Diplomatick\u00e1 akad\u00e9mia Karola Ryb\u00e1rika, ako pracovisko \u010fal\u0161ieho vzdel\u00e1vania na Pr\u00e1vnickej fakulte Univerzity Komensk\u00e9ho v Bratislave, pon\u00faka ro\u010dn\u00e9 \u0161pecializa\u010dn\u00e9 vzdel\u00e1vanie pre absolventov vysok\u00fdch \u0161k\u00f4l (ukon\u010den\u00fd II. stupe\u0148 V\u0160). Vzdel\u00e1vacie programy s\u00fa vhodn\u00e9 najm\u00e4 pre t\u00fdch z\u00e1ujemcov, ktor\u00ed by sa chceli orientova\u0165 na kari\u00e9ru v medzin\u00e1rodnej sf\u00e9re, v Eur\u00f3pskej \u00fanii \u010di v \u0161t\u00e1tnej spr\u00e1ve na ministerstv\u00e1ch,\u00a0 diplomatick\u00fdch [&hellip;]<\/p>\n","protected":false},"author":8,"featured_media":0,"parent":0,"menu_order":0,"comment_status":"closed","ping_status":"closed","template":"","meta":{"site-sidebar-layout":"no-sidebar","site-content-layout":"page-builder","ast-site-content-layout":"full-width-container","site-content-style":"unboxed","site-sidebar-style":"unboxed","ast-global-header-display":"","ast-banner-title-visibility":"","ast-main-header-display":"","ast-hfb-above-header-display":"","ast-hfb-below-header-display":"","ast-hfb-mobile-header-display":"","site-post-title":"disabled","ast-breadcrumbs-content":"disabled","ast-featured-img":"disabled","footer-sml-layout":"","ast-disable-related-posts":"","theme-transparent-header-meta":"enabled","adv-header-id-meta":"","stick-header-meta":"","header-above-stick-meta":"","header-main-stick-meta":"","header-below-stick-meta":"","astra-migrate-meta-layouts":"set","ast-page-background-enabled":"default","ast-page-background-meta":{"desktop":{"background-color":"","background-image":"","background-repeat":"repeat","background-position":"center center","background-size":"auto","background-attachment":"scroll","background-type":"","background-media":"","overlay-type":"","overlay-color":"","overlay-opacity":"","overlay-gradient":""},"tablet":{"background-color":"","background-image":"","background-repeat":"repeat","background-position":"center center","background-size":"auto","background-attachment":"scroll","background-type":"","background-media":"","overlay-type":"","overlay-color":"","overlay-opacity":"","overlay-gradient":""},"mobile":{"background-color":"","background-image":"","background-repeat":"repeat","background-position":"center center","background-size":"auto","background-attachment":"scroll","background-type":"","background-media":"","overlay-type":"","overlay-color":"","overlay-opacity":"","overlay-gradient":""}},"ast-content-background-meta":{"desktop":{"background-color":"var(--ast-global-color-5)","background-image":"","background-repeat":"repeat","background-position":"center center","background-size":"auto","background-attachment":"scroll","background-type":"","background-media":"","overlay-type":"","overlay-color":"","overlay-opacity":"","overlay-gradient":""},"tablet":{"background-color":"var(--ast-global-color-5)","background-image":"","background-repeat":"repeat","background-position":"center center","background-size":"auto","background-attachment":"scroll","background-type":"","background-media":"","overlay-type":"","overlay-color":"","overlay-opacity":"","overlay-gradient":""},"mobile":{"background-color":"var(--ast-global-color-5)","background-image":"","background-repeat":"repeat","background-position":"center center","background-size":"auto","background-attachment":"scroll","background-type":"","background-media":"","overlay-type":"","overlay-color":"","overlay-opacity":"","overlay-gradient":""}},"footnotes":""},"class_list":["post-9","page","type-page","status-publish","hentry"],"yoast_head":"<!-- This site is optimized with the Yoast SEO plugin v27.3 - https:\/\/yoast.com\/product\/yoast-seo-wordpress\/ -->\n<title>O n\u00e1s - Diplomatick\u00e1 akad\u00e9mia Karola Ryb\u00e1rika<\/title>\n<meta name=\"robots\" content=\"index, follow, max-snippet:-1, max-image-preview:large, max-video-preview:-1\" \/>\n<link rel=\"canonical\" href=\"https:\/\/dakr.flaw.uniba.sk\/sk\/o-nas\/\" \/>\n<meta property=\"og:locale\" content=\"sk_SK\" \/>\n<meta property=\"og:type\" content=\"article\" \/>\n<meta property=\"og:title\" content=\"O n\u00e1s - Diplomatick\u00e1 akad\u00e9mia Karola Ryb\u00e1rika\" \/>\n<meta property=\"og:description\" content=\"Diplomatick\u00e1 akad\u00e9mia Karola Ryb\u00e1rika, ako pracovisko \u010fal\u0161ieho vzdel\u00e1vania na Pr\u00e1vnickej fakulte Univerzity Komensk\u00e9ho v Bratislave, pon\u00faka ro\u010dn\u00e9 \u0161pecializa\u010dn\u00e9 vzdel\u00e1vanie pre absolventov vysok\u00fdch \u0161k\u00f4l (ukon\u010den\u00fd II. stupe\u0148 V\u0160). Vzdel\u00e1vacie programy s\u00fa vhodn\u00e9 najm\u00e4 pre t\u00fdch z\u00e1ujemcov, ktor\u00ed by sa chceli orientova\u0165 na kari\u00e9ru v medzin\u00e1rodnej sf\u00e9re, v Eur\u00f3pskej \u00fanii \u010di v \u0161t\u00e1tnej spr\u00e1ve na ministerstv\u00e1ch,\u00a0 diplomatick\u00fdch [&hellip;]\" \/>\n<meta property=\"og:url\" content=\"https:\/\/dakr.flaw.uniba.sk\/sk\/o-nas\/\" \/>\n<meta property=\"og:site_name\" content=\"Diplomatick\u00e1 akad\u00e9mia Karola Ryb\u00e1rika\" \/>\n<meta property=\"article:modified_time\" content=\"2025-07-09T20:45:24+00:00\" \/>\n<meta property=\"og:image\" content=\"https:\/\/dakr.flaw.uniba.sk\/wp-content\/uploads\/2025\/04\/uk_Logo_VERT_SK_Gridsystem_WH-86.png\" \/>\n\t<meta property=\"og:image:width\" content=\"1516\" \/>\n\t<meta property=\"og:image:height\" content=\"1604\" \/>\n\t<meta property=\"og:image:type\" content=\"image\/png\" \/>\n<meta name=\"twitter:card\" content=\"summary_large_image\" \/>\n<meta name=\"twitter:label1\" content=\"Predpokladan\u00fd \u010das \u010d\u00edtania\" \/>\n\t<meta name=\"twitter:data1\" content=\"2 min\u00faty\" \/>\n<script type=\"application\/ld+json\" class=\"yoast-schema-graph\">{\"@context\":\"https:\\\/\\\/schema.org\",\"@graph\":[{\"@type\":\"WebPage\",\"@id\":\"https:\\\/\\\/dakr.flaw.uniba.sk\\\/o-nas\\\/\",\"url\":\"https:\\\/\\\/dakr.flaw.uniba.sk\\\/o-nas\\\/\",\"name\":\"O n\u00e1s - Diplomatick\u00e1 akad\u00e9mia Karola Ryb\u00e1rika\",\"isPartOf\":{\"@id\":\"https:\\\/\\\/dakr.flaw.uniba.sk\\\/sk\\\/#website\"},\"primaryImageOfPage\":{\"@id\":\"https:\\\/\\\/dakr.flaw.uniba.sk\\\/o-nas\\\/#primaryimage\"},\"image\":{\"@id\":\"https:\\\/\\\/dakr.flaw.uniba.sk\\\/o-nas\\\/#primaryimage\"},\"thumbnailUrl\":\"https:\\\/\\\/dakr.flaw.uniba.sk\\\/wp-content\\\/uploads\\\/2025\\\/04\\\/uk_Logo_VERT_SK_Gridsystem_WH-86-968x1024.png\",\"datePublished\":\"2025-04-20T19:03:48+00:00\",\"dateModified\":\"2025-07-09T20:45:24+00:00\",\"breadcrumb\":{\"@id\":\"https:\\\/\\\/dakr.flaw.uniba.sk\\\/o-nas\\\/#breadcrumb\"},\"inLanguage\":\"sk-SK\",\"potentialAction\":[{\"@type\":\"ReadAction\",\"target\":[\"https:\\\/\\\/dakr.flaw.uniba.sk\\\/o-nas\\\/\"]}]},{\"@type\":\"ImageObject\",\"inLanguage\":\"sk-SK\",\"@id\":\"https:\\\/\\\/dakr.flaw.uniba.sk\\\/o-nas\\\/#primaryimage\",\"url\":\"https:\\\/\\\/dakr.flaw.uniba.sk\\\/wp-content\\\/uploads\\\/2025\\\/04\\\/uk_Logo_VERT_SK_Gridsystem_WH-86-968x1024.png\",\"contentUrl\":\"https:\\\/\\\/dakr.flaw.uniba.sk\\\/wp-content\\\/uploads\\\/2025\\\/04\\\/uk_Logo_VERT_SK_Gridsystem_WH-86-968x1024.png\"},{\"@type\":\"BreadcrumbList\",\"@id\":\"https:\\\/\\\/dakr.flaw.uniba.sk\\\/o-nas\\\/#breadcrumb\",\"itemListElement\":[{\"@type\":\"ListItem\",\"position\":1,\"name\":\"Home\",\"item\":\"https:\\\/\\\/dakr.flaw.uniba.sk\\\/\"},{\"@type\":\"ListItem\",\"position\":2,\"name\":\"O n\u00e1s\"}]},{\"@type\":\"WebSite\",\"@id\":\"https:\\\/\\\/dakr.flaw.uniba.sk\\\/sk\\\/#website\",\"url\":\"https:\\\/\\\/dakr.flaw.uniba.sk\\\/sk\\\/\",\"name\":\"Diplomatick\u00e1 akad\u00e9mia Karola Ryb\u00e1rika\",\"description\":\"Personal Portfolio Website\",\"publisher\":{\"@id\":\"https:\\\/\\\/dakr.flaw.uniba.sk\\\/sk\\\/#organization\"},\"potentialAction\":[{\"@type\":\"SearchAction\",\"target\":{\"@type\":\"EntryPoint\",\"urlTemplate\":\"https:\\\/\\\/dakr.flaw.uniba.sk\\\/sk\\\/?s={search_term_string}\"},\"query-input\":{\"@type\":\"PropertyValueSpecification\",\"valueRequired\":true,\"valueName\":\"search_term_string\"}}],\"inLanguage\":\"sk-SK\"},{\"@type\":\"Organization\",\"@id\":\"https:\\\/\\\/dakr.flaw.uniba.sk\\\/sk\\\/#organization\",\"name\":\"Diplomatick\u00e1 akad\u00e9mia Karola Ryb\u00e1rika\",\"url\":\"https:\\\/\\\/dakr.flaw.uniba.sk\\\/sk\\\/\",\"logo\":{\"@type\":\"ImageObject\",\"inLanguage\":\"sk-SK\",\"@id\":\"https:\\\/\\\/dakr.flaw.uniba.sk\\\/sk\\\/#\\\/schema\\\/logo\\\/image\\\/\",\"url\":\"https:\\\/\\\/dakr.flaw.uniba.sk\\\/wp-content\\\/uploads\\\/2025\\\/04\\\/cropped-sk-farebne-1.png\",\"contentUrl\":\"https:\\\/\\\/dakr.flaw.uniba.sk\\\/wp-content\\\/uploads\\\/2025\\\/04\\\/cropped-sk-farebne-1.png\",\"width\":1073,\"height\":347,\"caption\":\"Diplomatick\u00e1 akad\u00e9mia Karola Ryb\u00e1rika\"},\"image\":{\"@id\":\"https:\\\/\\\/dakr.flaw.uniba.sk\\\/sk\\\/#\\\/schema\\\/logo\\\/image\\\/\"}}]}<\/script>\n<!-- \/ Yoast SEO plugin. -->","yoast_head_json":{"title":"O n\u00e1s - Diplomatick\u00e1 akad\u00e9mia Karola Ryb\u00e1rika","robots":{"index":"index","follow":"follow","max-snippet":"max-snippet:-1","max-image-preview":"max-image-preview:large","max-video-preview":"max-video-preview:-1"},"canonical":"https:\/\/dakr.flaw.uniba.sk\/sk\/o-nas\/","og_locale":"sk_SK","og_type":"article","og_title":"O n\u00e1s - Diplomatick\u00e1 akad\u00e9mia Karola Ryb\u00e1rika","og_description":"Diplomatick\u00e1 akad\u00e9mia Karola Ryb\u00e1rika, ako pracovisko \u010fal\u0161ieho vzdel\u00e1vania na Pr\u00e1vnickej fakulte Univerzity Komensk\u00e9ho v Bratislave, pon\u00faka ro\u010dn\u00e9 \u0161pecializa\u010dn\u00e9 vzdel\u00e1vanie pre absolventov vysok\u00fdch \u0161k\u00f4l (ukon\u010den\u00fd II. stupe\u0148 V\u0160). Vzdel\u00e1vacie programy s\u00fa vhodn\u00e9 najm\u00e4 pre t\u00fdch z\u00e1ujemcov, ktor\u00ed by sa chceli orientova\u0165 na kari\u00e9ru v medzin\u00e1rodnej sf\u00e9re, v Eur\u00f3pskej \u00fanii \u010di v \u0161t\u00e1tnej spr\u00e1ve na ministerstv\u00e1ch,\u00a0 diplomatick\u00fdch [&hellip;]","og_url":"https:\/\/dakr.flaw.uniba.sk\/sk\/o-nas\/","og_site_name":"Diplomatick\u00e1 akad\u00e9mia Karola Ryb\u00e1rika","article_modified_time":"2025-07-09T20:45:24+00:00","og_image":[{"width":1516,"height":1604,"url":"https:\/\/dakr.flaw.uniba.sk\/wp-content\/uploads\/2025\/04\/uk_Logo_VERT_SK_Gridsystem_WH-86.png","type":"image\/png"}],"twitter_card":"summary_large_image","twitter_misc":{"Predpokladan\u00fd \u010das \u010d\u00edtania":"2 min\u00faty"},"schema":{"@context":"https:\/\/schema.org","@graph":[{"@type":"WebPage","@id":"https:\/\/dakr.flaw.uniba.sk\/o-nas\/","url":"https:\/\/dakr.flaw.uniba.sk\/o-nas\/","name":"O n\u00e1s - Diplomatick\u00e1 akad\u00e9mia Karola Ryb\u00e1rika","isPartOf":{"@id":"https:\/\/dakr.flaw.uniba.sk\/sk\/#website"},"primaryImageOfPage":{"@id":"https:\/\/dakr.flaw.uniba.sk\/o-nas\/#primaryimage"},"image":{"@id":"https:\/\/dakr.flaw.uniba.sk\/o-nas\/#primaryimage"},"thumbnailUrl":"https:\/\/dakr.flaw.uniba.sk\/wp-content\/uploads\/2025\/04\/uk_Logo_VERT_SK_Gridsystem_WH-86-968x1024.png","datePublished":"2025-04-20T19:03:48+00:00","dateModified":"2025-07-09T20:45:24+00:00","breadcrumb":{"@id":"https:\/\/dakr.flaw.uniba.sk\/o-nas\/#breadcrumb"},"inLanguage":"sk-SK","potentialAction":[{"@type":"ReadAction","target":["https:\/\/dakr.flaw.uniba.sk\/o-nas\/"]}]},{"@type":"ImageObject","inLanguage":"sk-SK","@id":"https:\/\/dakr.flaw.uniba.sk\/o-nas\/#primaryimage","url":"https:\/\/dakr.flaw.uniba.sk\/wp-content\/uploads\/2025\/04\/uk_Logo_VERT_SK_Gridsystem_WH-86-968x1024.png","contentUrl":"https:\/\/dakr.flaw.uniba.sk\/wp-content\/uploads\/2025\/04\/uk_Logo_VERT_SK_Gridsystem_WH-86-968x1024.png"},{"@type":"BreadcrumbList","@id":"https:\/\/dakr.flaw.uniba.sk\/o-nas\/#breadcrumb","itemListElement":[{"@type":"ListItem","position":1,"name":"Home","item":"https:\/\/dakr.flaw.uniba.sk\/"},{"@type":"ListItem","position":2,"name":"O n\u00e1s"}]},{"@type":"WebSite","@id":"https:\/\/dakr.flaw.uniba.sk\/sk\/#website","url":"https:\/\/dakr.flaw.uniba.sk\/sk\/","name":"Diplomatick\u00e1 akad\u00e9mia Karola Ryb\u00e1rika","description":"Personal Portfolio Website","publisher":{"@id":"https:\/\/dakr.flaw.uniba.sk\/sk\/#organization"},"potentialAction":[{"@type":"SearchAction","target":{"@type":"EntryPoint","urlTemplate":"https:\/\/dakr.flaw.uniba.sk\/sk\/?s={search_term_string}"},"query-input":{"@type":"PropertyValueSpecification","valueRequired":true,"valueName":"search_term_string"}}],"inLanguage":"sk-SK"},{"@type":"Organization","@id":"https:\/\/dakr.flaw.uniba.sk\/sk\/#organization","name":"Diplomatick\u00e1 akad\u00e9mia Karola Ryb\u00e1rika","url":"https:\/\/dakr.flaw.uniba.sk\/sk\/","logo":{"@type":"ImageObject","inLanguage":"sk-SK","@id":"https:\/\/dakr.flaw.uniba.sk\/sk\/#\/schema\/logo\/image\/","url":"https:\/\/dakr.flaw.uniba.sk\/wp-content\/uploads\/2025\/04\/cropped-sk-farebne-1.png","contentUrl":"https:\/\/dakr.flaw.uniba.sk\/wp-content\/uploads\/2025\/04\/cropped-sk-farebne-1.png","width":1073,"height":347,"caption":"Diplomatick\u00e1 akad\u00e9mia Karola Ryb\u00e1rika"},"image":{"@id":"https:\/\/dakr.flaw.uniba.sk\/sk\/#\/schema\/logo\/image\/"}}]}},"_links":{"self":[{"href":"https:\/\/dakr.flaw.uniba.sk\/sk\/wp-json\/wp\/v2\/pages\/9","targetHints":{"allow":["GET"]}}],"collection":[{"href":"https:\/\/dakr.flaw.uniba.sk\/sk\/wp-json\/wp\/v2\/pages"}],"about":[{"href":"https:\/\/dakr.flaw.uniba.sk\/sk\/wp-json\/wp\/v2\/types\/page"}],"author":[{"embeddable":true,"href":"https:\/\/dakr.flaw.uniba.sk\/sk\/wp-json\/wp\/v2\/users\/8"}],"replies":[{"embeddable":true,"href":"https:\/\/dakr.flaw.uniba.sk\/sk\/wp-json\/wp\/v2\/comments?post=9"}],"version-history":[{"count":181,"href":"https:\/\/dakr.flaw.uniba.sk\/sk\/wp-json\/wp\/v2\/pages\/9\/revisions"}],"predecessor-version":[{"id":3942,"href":"https:\/\/dakr.flaw.uniba.sk\/sk\/wp-json\/wp\/v2\/pages\/9\/revisions\/3942"}],"wp:attachment":[{"href":"https:\/\/dakr.flaw.uniba.sk\/sk\/wp-json\/wp\/v2\/media?parent=9"}],"curies":[{"name":"wp","href":"https:\/\/api.w.org\/{rel}","templated":true}]}}